{"id":44,"date":"2026-02-28T18:33:27","date_gmt":"2026-02-28T18:33:27","guid":{"rendered":"https:\/\/ncharpentier.fr\/?page_id=44"},"modified":"2026-03-20T00:16:53","modified_gmt":"2026-03-20T00:16:53","slug":"mon-parcours","status":"publish","type":"page","link":"https:\/\/ncharpentier.fr\/?page_id=44","title":{"rendered":"Ma formation"},"content":{"rendered":"\n<figure class=\"wp-block-image size-full is-style-default\"><img loading=\"lazy\" decoding=\"async\" width=\"288\" height=\"175\" src=\"https:\/\/ncharpentier.fr\/wp-content\/uploads\/2026\/02\/iuga-1.png\" alt=\"\" class=\"wp-image-58\"\/><\/figure>\n\n\n\n<p class=\"has-contrast-dark-color has-text-color has-link-color wp-elements-ffe21de33637b2ba8c76a189afa1e02e\">Le Master 2 MOBAT (Ma\u00eetrise d\u2019Ouvrage Immobili\u00e8re et Management du Patrimoine B\u00e2ti) de l\u2019Institut d\u2019Urbanisme et de G\u00e9ographie Alpine est une formation sp\u00e9cialis\u00e9e d\u00e9di\u00e9e aux m\u00e9tiers de la ma\u00eetrise d\u2019ouvrage et du pilotage de projets immobiliers complexes. Son contenu acad\u00e9mique articule programmation architecturale et urbaine, montage d\u2019op\u00e9rations, analyse financi\u00e8re, gestion patrimoniale, droit de la construction et march\u00e9s publics. Cette approche transversale permet d\u2019acqu\u00e9rir une vision globale du cycle de vie d\u2019un projet, depuis la d\u00e9finition du besoin jusqu\u2019\u00e0 la livraison de l\u2019ouvrage.<\/p>\n\n\n\n<p class=\"has-contrast-dark-color has-text-color has-link-color wp-elements-96ca992ed9425e9e9db704f42a69ed69\">Pour moi, cette formation a constitu\u00e9 un socle d\u00e9terminant pour devenir programmiste : elle m\u2019a appris \u00e0 structurer un besoin, \u00e0 le traduire en exigences fonctionnelles et techniques, et \u00e0 int\u00e9grer tr\u00e8s en amont les contraintes \u00e9conomiques, r\u00e9glementaires et d\u2019exploitation. L\u2019un des atouts majeurs du Master MOBAT r\u00e9side dans son caract\u00e8re professionnalisant, puisqu\u2019il s\u2019effectue en alternance. J\u2019ai ainsi r\u00e9alis\u00e9 mon apprentissage au sein de la cellule projets du CEA Grenoble, o\u00f9 j\u2019ai pu appliquer imm\u00e9diatement les enseignements th\u00e9oriques \u00e0 des op\u00e9rations concr\u00e8tes. Cette immersion m\u2019a permis de transformer les concepts acad\u00e9miques en v\u00e9ritables savoir-faire professionnels, en mati\u00e8re de programmation, de concertation des utilisateurs et de conduite d\u2019op\u00e9rations.<\/p>\n\n\n\n<figure class=\"wp-block-gallery has-nested-images columns-default is-cropped wp-block-gallery-1 is-layout-flex wp-block-gallery-is-layout-flex\">\n<figure class=\"wp-block-image size-large is-style-default\"><img loading=\"lazy\" decoding=\"async\" width=\"1024\" height=\"748\" data-id=\"60\" src=\"https:\/\/ncharpentier.fr\/wp-content\/uploads\/2026\/02\/amo-1024x748.png\" alt=\"\" class=\"wp-image-60\" srcset=\"https:\/\/ncharpentier.fr\/wp-content\/uploads\/2026\/02\/amo-1024x748.png 1024w, https:\/\/ncharpentier.fr\/wp-content\/uploads\/2026\/02\/amo-300x219.png 300w, https:\/\/ncharpentier.fr\/wp-content\/uploads\/2026\/02\/amo-768x561.png 768w, https:\/\/ncharpentier.fr\/wp-content\/uploads\/2026\/02\/amo.png 1262w\" sizes=\"auto, (max-width: 1024px) 100vw, 1024px\" \/><\/figure>\n<\/figure>\n\n\n\n<figure class=\"wp-block-image aligncenter size-large\"><img loading=\"lazy\" decoding=\"async\" width=\"1024\" height=\"576\" src=\"https:\/\/ncharpentier.fr\/wp-content\/uploads\/2026\/03\/Schema-5-etapes-operations_0-1024x576.jpg\" alt=\"\" class=\"wp-image-113\" srcset=\"https:\/\/ncharpentier.fr\/wp-content\/uploads\/2026\/03\/Schema-5-etapes-operations_0-1024x576.jpg 1024w, https:\/\/ncharpentier.fr\/wp-content\/uploads\/2026\/03\/Schema-5-etapes-operations_0-300x169.jpg 300w, https:\/\/ncharpentier.fr\/wp-content\/uploads\/2026\/03\/Schema-5-etapes-operations_0-768x432.jpg 768w, https:\/\/ncharpentier.fr\/wp-content\/uploads\/2026\/03\/Schema-5-etapes-operations_0.jpg 1200w\" sizes=\"auto, (max-width: 1024px) 100vw, 1024px\" \/><\/figure>\n\n\n\n<p><\/p>\n","protected":false},"excerpt":{"rendered":"<p>Le Master 2 MOBAT (Ma\u00eetrise d\u2019Ouvrage Immobili\u00e8re et Management du Patrimoine B\u00e2ti) de l\u2019Institut d\u2019Urbanisme et de G\u00e9ographie Alpine est une formation sp\u00e9cialis\u00e9e d\u00e9di\u00e9e aux m\u00e9tiers de la ma\u00eetrise d\u2019ouvrage et du pilotage de projets immobiliers complexes. Son contenu acad\u00e9mique articule programmation architecturale et urbaine, montage d\u2019op\u00e9rations, analyse financi\u00e8re, gestion patrimoniale, droit de la construction [&hellip;]<\/p>\n","protected":false},"author":1,"featured_media":0,"parent":0,"menu_order":0,"comment_status":"closed","ping_status":"closed","template":"","meta":{"footnotes":""},"class_list":["post-44","page","type-page","status-publish","hentry"],"_links":{"self":[{"href":"https:\/\/ncharpentier.fr\/index.php?rest_route=\/wp\/v2\/pages\/44","targetHints":{"allow":["GET"]}}],"collection":[{"href":"https:\/\/ncharpentier.fr\/index.php?rest_route=\/wp\/v2\/pages"}],"about":[{"href":"https:\/\/ncharpentier.fr\/index.php?rest_route=\/wp\/v2\/types\/page"}],"author":[{"embeddable":true,"href":"https:\/\/ncharpentier.fr\/index.php?rest_route=\/wp\/v2\/users\/1"}],"replies":[{"embeddable":true,"href":"https:\/\/ncharpentier.fr\/index.php?rest_route=%2Fwp%2Fv2%2Fcomments&post=44"}],"version-history":[{"count":6,"href":"https:\/\/ncharpentier.fr\/index.php?rest_route=\/wp\/v2\/pages\/44\/revisions"}],"predecessor-version":[{"id":114,"href":"https:\/\/ncharpentier.fr\/index.php?rest_route=\/wp\/v2\/pages\/44\/revisions\/114"}],"wp:attachment":[{"href":"https:\/\/ncharpentier.fr\/index.php?rest_route=%2Fwp%2Fv2%2Fmedia&parent=44"}],"curies":[{"name":"wp","href":"https:\/\/api.w.org\/{rel}","templated":true}]}}