{"id":50,"date":"2026-02-28T18:39:37","date_gmt":"2026-02-28T18:39:37","guid":{"rendered":"https:\/\/ncharpentier.fr\/?page_id=50"},"modified":"2026-03-20T00:14:59","modified_gmt":"2026-03-20T00:14:59","slug":"mon-parcours-pro","status":"publish","type":"page","link":"https:\/\/ncharpentier.fr\/?page_id=50","title":{"rendered":"Mon parcours pro"},"content":{"rendered":"\n<p><\/p>\n\n\n\n<h2 class=\"wp-block-heading\">\ud83d\udd39 ABAMO &amp; CO \u2013 (2024 \u2013 \u2026)<\/h2>\n\n\n\n<p class=\"has-contrast-dark-color has-text-color has-link-color wp-elements-3dbbd1ff725d9ed532e7fe91f374468b\"><strong>Chef de projets AMO :<\/strong> Au sein d\u2019un cabinet d\u2019assistance \u00e0 ma\u00eetrise d\u2019ouvrage, j\u2019interviens principalement pour des collectivit\u00e9s et acteurs publics. Mes missions couvrent la programmation (\u00e9quipements scolaires, sportifs et techniques), la conduite d\u2019op\u00e9rations (h\u00f4tellerie, tertiaire et logement), ainsi que l\u2019accompagnement en phases de s\u00e9lection du ma\u00eetre d\u2019\u0153uvre, de conception, d&rsquo;ex\u00e9cution, de r\u00e9ception et de parfait ach\u00e8vement. J\u2019assure la traduction des besoins en exigences fonctionnelles et techniques, tout en assurant le suivi financier, administratif et op\u00e9rationnel des projets.<\/p>\n\n\n\n<figure class=\"wp-block-image aligncenter size-large\"><img loading=\"lazy\" decoding=\"async\" width=\"1024\" height=\"576\" src=\"https:\/\/ncharpentier.fr\/wp-content\/uploads\/2026\/03\/Schema-AMO-1-1024x576.png\" alt=\"\" class=\"wp-image-111\" srcset=\"https:\/\/ncharpentier.fr\/wp-content\/uploads\/2026\/03\/Schema-AMO-1-1024x576.png 1024w, https:\/\/ncharpentier.fr\/wp-content\/uploads\/2026\/03\/Schema-AMO-1-300x169.png 300w, https:\/\/ncharpentier.fr\/wp-content\/uploads\/2026\/03\/Schema-AMO-1-768x432.png 768w, https:\/\/ncharpentier.fr\/wp-content\/uploads\/2026\/03\/Schema-AMO-1.png 1280w\" sizes=\"auto, (max-width: 1024px) 100vw, 1024px\" \/><\/figure>\n\n\n\n<hr class=\"wp-block-separator has-alpha-channel-opacity\"\/>\n\n\n\n<h2 class=\"wp-block-heading\">\ud83d\udd39 Groupe FOURNIER \u2013 (2020\u20132024)<\/h2>\n\n\n\n<p class=\"has-contrast-dark-color has-text-color has-link-color wp-elements-062e44146f122b6dd2dc4f34158579d8\"><strong>Chef de projets immobiliers : <\/strong>Int\u00e9gr\u00e9 \u00e0 un grand groupe industriel, j\u2019ai pilot\u00e9 des op\u00e9rations tertiaires et industrielles (r\u00e9habilitations, extensions, constructions neuves). J\u2019ai coordonn\u00e9 ma\u00eetrise d\u2019\u0153uvre et entreprises, suivi budgets et plannings, et int\u00e9gr\u00e9 les enjeux QVT, RSE et qualit\u00e9 d\u2019usage. Cette exp\u00e9rience m\u2019a permis de d\u00e9velopper une certaine polyvalence, une rigueur op\u00e9rationnelle et une vision globale du cycle projet.<\/p>\n\n\n\n<hr class=\"wp-block-separator has-alpha-channel-opacity\"\/>\n\n\n\n<h2 class=\"wp-block-heading\">\ud83d\udd39 CEA Grenoble \u2013 (2019\u20132020)<\/h2>\n\n\n\n<p class=\"has-contrast-dark-color has-text-color has-link-color wp-elements-1158da34a196192da28828bb677c1dc3\"><strong>Chef de projets immobiliers :<\/strong> Au sein de la cellule projets, j\u2019ai contribu\u00e9 \u00e0 des op\u00e9rations de restructuration et d\u2019am\u00e9nagement en environnement scientifique et tertiaire. Programmation fonctionnelle, concertation des utilisateurs, \u00e9tudes de faisabilit\u00e9 et suivi de conception ont rythm\u00e9 mes missions. Cette exp\u00e9rience en milieu exigeant m\u2019a appris \u00e0 structurer le besoin et \u00e0 s\u00e9curiser les d\u00e9cisions dans des contextes techniques complexes.<\/p>\n\n\n\n<hr class=\"wp-block-separator has-alpha-channel-opacity\"\/>\n\n\n\n<h2 class=\"wp-block-heading\">\ud83d\udd39 Apprentissage \u2013 Master MOBAT <\/h2>\n\n\n\n<p class=\"has-contrast-dark-color has-text-color has-link-color wp-elements-379909dd98f7a49853aa0c1b3cab48cd\"><strong>Institut d\u2019Urbanisme et de G\u00e9ographie Alpine :<\/strong><\/p>\n\n\n\n<p class=\"has-contrast-dark-color has-text-color has-link-color wp-elements-9920d1dc07e883910592fb592666f6fa\">En parall\u00e8le du Master MOBAT, r\u00e9alis\u00e9 en alternance, j\u2019ai effectu\u00e9 mon apprentissage au CEA de Grenoble. Cette immersion m\u2019a permis de mettre en application imm\u00e9diate les enseignements en programmation, montage d\u2019op\u00e9ration et gestion financi\u00e8re. J\u2019y ai d\u00e9velopp\u00e9 une posture d\u2019assistant \u00e0 la d\u00e9cision, transformant les apports acad\u00e9miques en savoir-faire concrets.<\/p>\n\n\n\n<hr class=\"wp-block-separator has-alpha-channel-opacity\"\/>\n","protected":false},"excerpt":{"rendered":"<p>\ud83d\udd39 ABAMO &amp; CO \u2013 (2024 \u2013 \u2026) Chef de projets AMO : Au sein d\u2019un cabinet d\u2019assistance \u00e0 ma\u00eetrise d\u2019ouvrage, j\u2019interviens principalement pour des collectivit\u00e9s et acteurs publics. Mes missions couvrent la programmation (\u00e9quipements scolaires, sportifs et techniques), la conduite d\u2019op\u00e9rations (h\u00f4tellerie, tertiaire et logement), ainsi que l\u2019accompagnement en phases de s\u00e9lection du ma\u00eetre [&hellip;]<\/p>\n","protected":false},"author":1,"featured_media":0,"parent":0,"menu_order":0,"comment_status":"closed","ping_status":"closed","template":"","meta":{"footnotes":""},"class_list":["post-50","page","type-page","status-publish","hentry"],"_links":{"self":[{"href":"https:\/\/ncharpentier.fr\/index.php?rest_route=\/wp\/v2\/pages\/50","targetHints":{"allow":["GET"]}}],"collection":[{"href":"https:\/\/ncharpentier.fr\/index.php?rest_route=\/wp\/v2\/pages"}],"about":[{"href":"https:\/\/ncharpentier.fr\/index.php?rest_route=\/wp\/v2\/types\/page"}],"author":[{"embeddable":true,"href":"https:\/\/ncharpentier.fr\/index.php?rest_route=\/wp\/v2\/users\/1"}],"replies":[{"embeddable":true,"href":"https:\/\/ncharpentier.fr\/index.php?rest_route=%2Fwp%2Fv2%2Fcomments&post=50"}],"version-history":[{"count":7,"href":"https:\/\/ncharpentier.fr\/index.php?rest_route=\/wp\/v2\/pages\/50\/revisions"}],"predecessor-version":[{"id":112,"href":"https:\/\/ncharpentier.fr\/index.php?rest_route=\/wp\/v2\/pages\/50\/revisions\/112"}],"wp:attachment":[{"href":"https:\/\/ncharpentier.fr\/index.php?rest_route=%2Fwp%2Fv2%2Fmedia&parent=50"}],"curies":[{"name":"wp","href":"https:\/\/api.w.org\/{rel}","templated":true}]}}