{"id":52,"date":"2026-02-28T18:40:57","date_gmt":"2026-02-28T18:40:57","guid":{"rendered":"https:\/\/ncharpentier.fr\/?page_id=52"},"modified":"2026-03-20T00:11:30","modified_gmt":"2026-03-20T00:11:30","slug":"mes-projets","status":"publish","type":"page","link":"https:\/\/ncharpentier.fr\/?page_id=52","title":{"rendered":"Mes projets"},"content":{"rendered":"\n<div class=\"wp-block-superb-addons-animated-heading alignright superbaddons-animated-heading-block superbaddons-animated-heading-effect2\" id=\"block-a02059d8-96ec-4c33-b343-c03cd25885d9\" data-animation=\"effect2\" data-animation-speed=\"60\" data-animation-loop=\"true\">\n<h2 class=\"wp-block-heading\">\u00c0 la une !<\/h2>\n<\/div>\n\n\n\n<div class=\"wp-block-group alignfull has-global-padding is-layout-constrained wp-container-core-group-is-layout-4716c724 wp-block-group-is-layout-constrained\" style=\"margin-top:var(--wp--preset--spacing--superbspacing-small);margin-bottom:var(--wp--preset--spacing--superbspacing-small);padding-top:var(--wp--preset--spacing--superbspacing-xxlarge);padding-right:var(--wp--preset--spacing--superbspacing-small);padding-bottom:var(--wp--preset--spacing--superbspacing-xxlarge);padding-left:var(--wp--preset--spacing--superbspacing-small)\">\n<div class=\"wp-block-group alignwide has-global-padding is-layout-constrained wp-container-core-group-is-layout-6c425e39 wp-block-group-is-layout-constrained\" style=\"margin-top:0;margin-bottom:var(--wp--preset--spacing--superbspacing-medium);padding-top:0;padding-right:0;padding-bottom:0;padding-left:0\">\n<h2 class=\"wp-block-heading has-text-align-center has-primary-color has-text-color has-superbfont-xxsmall-font-size\" style=\"font-style:normal;font-weight:700;letter-spacing:5px;text-transform:uppercase\">\u00c9quipement sportif<\/h2>\n\n\n\n<h2 class=\"wp-block-heading has-text-align-center has-contrast-color has-text-color has-superbfont-large-font-size\"><strong>Un nouveau p\u00f4le sportif au c\u0153ur de Saint-Julien-en-Genevois<\/strong><\/h2>\n<\/div>\n\n\n\n<div class=\"wp-block-columns alignwide is-layout-flex wp-container-core-columns-is-layout-49856040 wp-block-columns-is-layout-flex\" style=\"margin-top:0;margin-bottom:0;padding-top:0;padding-right:0;padding-bottom:0;padding-left:0\">\n<div class=\"wp-block-column has-contrast-dark-color has-text-color has-link-color wp-elements-e9e5d7f73d537a8dce9a51fe64ca3bf1 is-layout-flow wp-block-column-is-layout-flow\">\n<p class=\"has-superbfont-small-font-size\">La ville de Saint-Julien-en-Genevois s\u2019engage dans un projet ambitieux avec la cr\u00e9ation des <strong>Espaces Sportifs du L\u00e9man<\/strong>, une infrastructure moderne pens\u00e9e pour rassembler et dynamiser les pratiques sportives locales. Ce nouvel \u00e9quipement remplace des installations devenues obsol\u00e8tes et apporte une r\u00e9ponse contemporaine aux besoins des \u00e9tablissements scolaires, des associations et des clubs du territoire.<\/p>\n\n\n\n<p>D\u2019une surface d\u2019environ 5 800 m\u00b2, le complexe s\u2019organise autour d\u2019un <strong>accueil central unique<\/strong> distribuant quatre entit\u00e9s compl\u00e9mentaires :<\/p>\n\n\n\n<ul class=\"wp-block-list\">\n<li>Un <strong>hall \u00e9v\u00e9nementiel multisports<\/strong> dot\u00e9 de tribunes d\u2019environ 500 places, permettant l\u2019accueil de comp\u00e9titions et d\u2019\u00e9v\u00e9nements.<\/li>\n\n\n\n<li>Un <strong>gymnase d\u2019entra\u00eenement polyvalent<\/strong>, adaptable aux pratiques scolaires et associatives.<\/li>\n\n\n\n<li>Un <strong>p\u00f4le judo<\/strong>, con\u00e7u pour les entra\u00eenements et les rencontres sportives \u00e0 l\u2019\u00e9chelle d\u00e9partementale.<\/li>\n\n\n\n<li>Un <strong>espace d\u00e9di\u00e9 aux sports de combat<\/strong> (boxe, karat\u00e9 et disciplines associ\u00e9es).<\/li>\n<\/ul>\n\n\n\n<p class=\"has-superbfont-small-font-size\">L\u2019architecture privil\u00e9gie la lisibilit\u00e9 des flux, la mutualisation des espaces et une organisation fonctionnelle optimis\u00e9e, offrant aux usagers un \u00e9quipement \u00e0 la fois performant, convivial et \u00e9volutif. Le projet a \u00e9t\u00e9 con\u00e7u par l\u2019agence TNA Architectes, en collaboration avec une \u00e9quipe pluridisciplinaire r\u00e9unie \u00e0 l\u2019issue d\u2019un concours. <\/p>\n\n\n\n<p><\/p>\n<\/div>\n\n\n\n<div class=\"wp-block-column has-contrast-dark-color has-text-color has-link-color wp-elements-504b8378d90dd591672210b5e932e94c is-layout-flow wp-block-column-is-layout-flow\">\n<p class=\"has-superbfont-small-font-size\"><strong>Mon intervention en assistance \u00e0 ma\u00eetrise d\u2019ouvrage<\/strong> :<\/p>\n\n\n\n<p>Je suis intervenu sur ce projet en tant qu\u2019<strong>assistant \u00e0 ma\u00eetrise d\u2019ouvrage (AMO)<\/strong>, accompagnant la collectivit\u00e9 tout au long des \u00e9tapes cl\u00e9s de l\u2019op\u00e9ration. Ma mission a d\u00e9but\u00e9 par l\u2019assistance \u00e0 la <strong>proc\u00e9dure de consultation de la ma\u00eetrise d\u2019\u0153uvre<\/strong>, dans le cadre d\u2019un concours d\u2019architecture, incluant la pr\u00e9paration des pi\u00e8ces, l\u2019analyse des candidatures et l\u2019accompagnement au choix du laur\u00e9at.<\/p>\n\n\n\n<p>J\u2019ai ensuite assur\u00e9 le <strong>suivi des consultations et l\u2019accompagnement du ma\u00eetre d\u2019ouvrage<\/strong> durant les phases de conception <strong>APS (Avant-Projet Sommaire), APD (Avant-Projet D\u00e9finitif) et PRO-DCE (Projet \u2013 Dossier de Consultation des Entreprises)<\/strong>, veillant \u00e0 la coh\u00e9rence programmatique, technique, financi\u00e8re et r\u00e9glementaire du projet.<\/p>\n\n\n\n<p class=\"has-text-align-left has-secondary-color has-text-color has-superbfont-medium-font-size\">Cette mission m\u2019a permis de contribuer activement \u00e0 la structuration et \u00e0 la s\u00e9curisation de l\u2019op\u00e9ration, depuis la d\u00e9finition des ambitions initiales jusqu\u2019\u00e0 la pr\u00e9paration du lancement des travaux.<\/p>\n<\/div>\n<\/div>\n\n\n\n<figure class=\"wp-block-image alignfull size-large is-style-rounded\"><img loading=\"lazy\" decoding=\"async\" width=\"1024\" height=\"683\" src=\"https:\/\/ncharpentier.fr\/wp-content\/uploads\/2026\/03\/complexe-st-julien-1024x683.png\" alt=\"\" class=\"wp-image-80\" srcset=\"https:\/\/ncharpentier.fr\/wp-content\/uploads\/2026\/03\/complexe-st-julien-1024x683.png 1024w, https:\/\/ncharpentier.fr\/wp-content\/uploads\/2026\/03\/complexe-st-julien-300x200.png 300w, https:\/\/ncharpentier.fr\/wp-content\/uploads\/2026\/03\/complexe-st-julien-768x512.png 768w, https:\/\/ncharpentier.fr\/wp-content\/uploads\/2026\/03\/complexe-st-julien.png 1080w\" sizes=\"auto, (max-width: 1024px) 100vw, 1024px\" \/><\/figure>\n<\/div>\n\n\n\n<div class=\"wp-block-group alignfull is-layout-flow wp-block-group-is-layout-flow\">\n<div class=\"wp-block-group alignfull has-global-padding is-layout-constrained wp-container-core-group-is-layout-40b5fae2 wp-block-group-is-layout-constrained\" style=\"padding-top:var(--wp--preset--spacing--superbspacing-xxlarge);padding-right:var(--wp--preset--spacing--superbspacing-small);padding-bottom:var(--wp--preset--spacing--superbspacing-xxlarge);padding-left:var(--wp--preset--spacing--superbspacing-small)\">\n<hr class=\"wp-block-separator has-alpha-channel-opacity\"\/>\n\n\n\n<h3 class=\"wp-block-heading\">\ud83d\udd39 Ressourcerie \u00ab Le Truc \u00bb \u2013 EPF Haute-Savoie (74)<\/h3>\n\n\n\n<p class=\"has-contrast-dark-color has-text-color has-link-color wp-elements-dc43b5f66433d899bd504c2b85b093f3\">Conduite d\u2019une op\u00e9ration de r\u00e9emploi d\u2019un ancien b\u00e2timent industriel afin d\u2019y implanter une ressourcerie, en partenariat avec Annemasse Agglom\u00e9ration. Analyse technique du b\u00e2ti existant, d\u00e9finition du programme, coordination des intervenants et adaptation du projet aux contraintes d\u2019usage et de requalification du site.<\/p>\n\n\n\n<hr class=\"wp-block-separator has-alpha-channel-opacity\"\/>\n\n\n\n<h3 class=\"wp-block-heading\">\ud83d\udd39 Cr\u00e8che et MAM \u2013 Pays de Gex Agglo (01)<\/h3>\n\n\n\n<p class=\"has-contrast-dark-color has-text-color has-link-color wp-elements-4bbc3e8a3eee161509186fc3729a07f9\">Programmation pour la cr\u00e9ation d\u2019une structure petite enfance int\u00e9grant une Maison des Assistantes Maternelles et une cuisine de pr\u00e9paration. Animation d\u2019ateliers avec les utilisateurs, formalisation du programme fonctionnel et technique, int\u00e9gration des contraintes r\u00e9glementaires sp\u00e9cifiques aux ERP et aux \u00e9tablissements d\u2019accueil du jeune enfant.<\/p>\n\n\n\n<hr class=\"wp-block-separator has-alpha-channel-opacity\"\/>\n\n\n\n<h3 class=\"wp-block-heading\">\ud83d\udd39 Restaurant scolaire \u2013 Commune de Cruseilles (74)<\/h3>\n\n\n\n<p class=\"has-contrast-dark-color has-text-color has-link-color wp-elements-b5bf9bbb5da0a585b981942638d8dc27\">Programmation d\u2019un restaurant scolaire en liaison froide et d\u2019espaces p\u00e9riscolaires attenants \u00e0 l\u2019\u00e9cole \u00e9l\u00e9mentaire. D\u00e9finition des flux, organisation des circuits propres\/sales, dimensionnement des locaux et prise en compte des contraintes d\u2019exploitation quotidienne pour garantir fonctionnalit\u00e9 et ma\u00eetrise budg\u00e9taire.<\/p>\n\n\n\n<hr class=\"wp-block-separator has-alpha-channel-opacity\"\/>\n\n\n\n<h3 class=\"wp-block-heading\">\ud83d\udd39 Groupe scolaire \u2013 CC Pays de Cruseilles (74)<\/h3>\n\n\n\n<p class=\"has-contrast-dark-color has-text-color has-link-color wp-elements-0f02688526d8f251128e4f467e6fd18f\">Programmation compl\u00e8te d\u2019un groupe scolaire comprenant \u00e9cole maternelle, \u00e9l\u00e9mentaire, restaurant avec cuisine de pr\u00e9paration et garderie. Concertation avec \u00e9lus et usagers, d\u00e9finition capacitaire, sc\u00e9narios d\u2019implantation et r\u00e9daction du programme d\u00e9taill\u00e9 en vue de la consultation de la ma\u00eetrise d\u2019\u0153uvre.<\/p>\n\n\n\n<hr class=\"wp-block-separator has-alpha-channel-opacity\"\/>\n\n\n\n<h3 class=\"wp-block-heading\">\ud83d\udd39 Centre technique intercommunal \u2013 Val Vanoise (73)<\/h3>\n\n\n\n<p class=\"has-contrast-dark-color has-text-color has-link-color wp-elements-4dfca1e751726f9f34724f10fd54f1aa\">R\u00e9alisation d\u2019une \u00e9tude de faisabilit\u00e9 pour un centre technique mutualis\u00e9 regroupant services des eaux, collecte et am\u00e9nagement. Analyse des besoins op\u00e9rationnels, organisation des flux v\u00e9hicules et mat\u00e9riels, estimation financi\u00e8re et proposition de sc\u00e9narios comparatifs d\u2019implantation.<\/p>\n\n\n\n<hr class=\"wp-block-separator has-alpha-channel-opacity\"\/>\n\n\n\n<h3 class=\"wp-block-heading\">\ud83d\udd39 R\u00e9sidences Belles-Challes &amp; Lauzi\u00e8res \u2013 Les Arcs 1800 (73)<\/h3>\n\n\n\n<p class=\"has-contrast-dark-color has-text-color has-link-color wp-elements-4a264c3edde9d1c02dfec24ba34d3363\">Suivi d\u2019une r\u00e9habilitation structurelle et thermique de deux r\u00e9sidences des ann\u00e9es 1970. Assistance au conseil syndical pour la constitution du DCE, consultation des entreprises et analyse des offres. Accompagnement dans la s\u00e9lection des prestataires et s\u00e9curisation contractuelle de l\u2019op\u00e9ration.<\/p>\n\n\n\n<hr class=\"wp-block-separator has-alpha-channel-opacity\"\/>\n\n\n\n<h3 class=\"wp-block-heading\">\ud83d\udd39 H\u00f4tel *** \u2013 Compagnie des Alpes (Brian\u00e7on)<\/h3>\n\n\n\n<p class=\"has-contrast-dark-color has-text-color has-link-color wp-elements-c3bc6999f17cddc987d0e7fcccddebf9\">Suivi de conception et assistance aux n\u00e9gociations pour la transformation d\u2019anciennes casernes en h\u00f4tel. Analyse contractuelle et consultation des prestataires \u00ab preneur \u00bb (FF&amp;E, OS&amp;E). Coordination technique et adaptation du projet aux contraintes d\u2019exploitation h\u00f4teli\u00e8re.<\/p>\n\n\n\n<hr class=\"wp-block-separator has-alpha-channel-opacity\"\/>\n\n\n\n<h3 class=\"wp-block-heading\">\ud83d\udd39 H\u00f4tel de montagne \u2013 Soci\u00e9t\u00e9 Le Petit Prince (38)<\/h3>\n\n\n\n<p class=\"has-contrast-dark-color has-text-color has-link-color wp-elements-08c3e2b24e8ba94ba83714782effc5a4\">R\u00e9alisation d\u2019une \u00e9tude d\u2019opportunit\u00e9 pour la valorisation d\u2019un h\u00f4tel trois \u00e9toiles \u00e0 l\u2019Alpe d\u2019Huez. Analyse du potentiel immobilier, sc\u00e9narios de repositionnement, estimation des investissements n\u00e9cessaires et aide \u00e0 la d\u00e9cision strat\u00e9gique du propri\u00e9taire.<\/p>\n\n\n\n<hr class=\"wp-block-separator has-alpha-channel-opacity\"\/>\n\n\n\n<h3 class=\"wp-block-heading\">\ud83d\udd39 \u00c9cole maternelle \u2013 Commune de Valleiry (74)<\/h3>\n\n\n\n<p class=\"has-contrast-dark-color has-text-color has-link-color wp-elements-78c9cafb12d3390e9c90eaf31c1d78e8\">Suivi de conception d\u2019une \u00e9cole maternelle de 13 classes en phases APS, APD et PRO-DCE. Coordination avec la ma\u00eetrise d\u2019\u0153uvre, analyse des choix techniques, v\u00e9rification du respect du programme et accompagnement du ma\u00eetre d\u2019ouvrage dans la pr\u00e9paration de la consultation travaux.<\/p>\n\n\n\n<hr class=\"wp-block-separator has-alpha-channel-opacity\"\/>\n\n\n\n<h3 class=\"wp-block-heading\">\ud83d\udd39 Master plan \u00e9covillage \u2013 Karma Ling (73)<\/h3>\n\n\n\n<p class=\"has-contrast-dark-color has-text-color has-link-color wp-elements-4ea87491e014057c68e900ab7940dd44\">R\u00e9daction d\u2019un sch\u00e9ma directeur pour la cr\u00e9ation d\u2019un \u00e9covillage comprenant 13 sous-projets de r\u00e9novation et construction neuve. \u00c9tudes de faisabilit\u00e9 technique et \u00e9conomique, phasage op\u00e9rationnel et consultation des prestataires intellectuels pour structurer le d\u00e9veloppement \u00e0 long terme du site.<\/p>\n\n\n\n<h3 class=\"wp-block-heading\">\ud83d\udd39 Groupe FOURNIER (74)<\/h3>\n\n\n\n<p class=\"has-contrast-dark-color has-text-color has-link-color wp-elements-a149506f3564e6cb9ca0ad02afa5a0ba\">Industrie<\/p>\n\n\n\n<ul class=\"wp-block-list\">\n<li class=\"has-contrast-dark-color has-text-color has-link-color wp-elements-e406130a75b3afe37223793b4f437920\">Conduite d\u2019une op\u00e9ration de r\u00e9novation compl\u00e8te des ateliers, vestiaires, locaux communs, magasins de stockage automatiques et bureaux des services de la Maintenance Industrielle, dans une usine de plus de 20 000m\u00b2 sur deux niveaux, implant\u00e9e sur la commune de Th\u00f4nes (74230)<\/li>\n\n\n\n<li class=\"has-contrast-dark-color has-text-color has-link-color wp-elements-7dcda61d2d7a5e2e4e3b7a790af13dea\">Intervention d\u2019assistance \u00e0 ma\u00eetrise d\u2019ouvrage sur le volet \u00ab locaux tertiaires \u00bb au sein d\u2019une \u00e9quipe projet pluridisciplinaire, pour la construction d\u2019une unit\u00e9 de production industrielle de 24 000m\u00b2 sur la commune d\u2019Alex (74290)<\/li>\n\n\n\n<li class=\"has-contrast-dark-color has-text-color has-link-color wp-elements-c8351c65f05baa9ddb0a9456abd48604\">R\u00e9trofit Sprinklage, CVC, CFO-CFA <\/li>\n\n\n\n<li class=\"has-contrast-dark-color has-text-color has-link-color wp-elements-22c5705e27ba90bc71cc4c70e9c673f2\">Conduite d\u2019une op\u00e9ration de r\u00e9habilitation des locaux communs (salle de pause, salle sweet-working, coworking, douches, vestiaires, sanitaires, salle hors-sac) dans une unit\u00e9 de production de plus de 10 000m\u00b2, implant\u00e9e sur la commune d\u2019Alex (74290)<\/li>\n\n\n\n<li class=\"has-contrast-dark-color has-text-color has-link-color wp-elements-1a3f90c3c777418e0a5d98ae5be6c4a8\">Conduite d\u2019une op\u00e9ration de construction d\u2019un b\u00e2timent modulaire en structure bois sur deux niveaux (3 500m\u00b2), pour les locaux du personnel d\u2019une unit\u00e9 de production (douches, vestiaires, sanitaires, salles hors-sac, salles de pause, bureaux et salles de r\u00e9union), implant\u00e9e sur la commune de Th\u00f4nes (74230)<\/li>\n\n\n\n<li class=\"has-contrast-dark-color has-text-color has-link-color wp-elements-f72c98039e1bf320d88800cae217657e\">Conduite d\u2019une op\u00e9ration de r\u00e9habilitation des locaux du personnel dans une unit\u00e9 de production de 6 000m\u00b2 (CVC, CFO-CFA, douches, sanitaires, vestiaires, cuisine et r\u00e9fectoire), sur la commune de Th\u00f4nes (74230)<\/li>\n\n\n\n<li class=\"has-contrast-dark-color has-text-color has-link-color wp-elements-bcd65a968a9ef9d61984b3d26502668e\">Cr\u00e9ation d\u2019un atelier de menuiserie d\u00e9di\u00e9 \u00e0 l\u2019adaptation des process industriels pour le service HSE (112m\u00b2), dans une unit\u00e9 de production implant\u00e9e sur la commune de Th\u00f4nes (74230)<\/li>\n<\/ul>\n\n\n\n<p class=\"has-contrast-dark-color has-text-color has-link-color wp-elements-beeb51a2ccca2d5a7dbb9d98df8d8cdc\">Tertiaire<\/p>\n\n\n\n<ul class=\"wp-block-list\">\n<li class=\"has-contrast-dark-color has-text-color has-link-color wp-elements-85875dcdcce27b9a04e661d4a258b802\">Conduite d\u2019une op\u00e9ration de r\u00e9emploi pour la cr\u00e9ation d\u2019un centre R&amp;D de 900m\u00b2 sur la commune d\u2019Epagny-Metz-Tessy (74370)<\/li>\n\n\n\n<li class=\"has-contrast-dark-color has-text-color has-link-color wp-elements-49e6dfe90e3884fc158de8f44200215a\">Conduite d\u2019une op\u00e9ration de r\u00e9habilitation compl\u00e8te d\u2019un b\u00e2timent tertiaire (2 566m\u00b2), si\u00e8ge administratif de la marque Delpha sur la commune de Th\u00f4nes (74230)<\/li>\n\n\n\n<li class=\"has-contrast-dark-color has-text-color has-link-color wp-elements-ef71066576aa6f739156162f2fd2f5d2\">Conduite d\u2019une op\u00e9ration d\u2019extension d\u2019un b\u00e2timent existant, pour la cr\u00e9ation d\u2019un restaurant d\u2019entreprise de 2 000m\u00b2 sur la commune d\u2019Epagny Metz-Tessy (74370)<\/li>\n\n\n\n<li class=\"has-contrast-dark-color has-text-color has-link-color wp-elements-0e602651147c305551423fe8bc9acfd5\">Conduite de diverses op\u00e9rations de r\u00e9habilitations et d\u2019extensions neuves, en milieux tertiaires et industriels, pour les enseignes du groupe industriel FOURNIER (Mobalpa, Perene, SoCoo\u2019c, Hygena, Delpha)<\/li>\n\n\n\n<li class=\"has-contrast-dark-color has-text-color has-link-color wp-elements-ea5bdd6ae200e701c0449a7eae533f03\">Conduite d\u2019une op\u00e9ration de cr\u00e9ation d\u2019un studio d\u2019enregistrement vid\u00e9o (plateau de tournage, 150m\u00b2), pour les besoins du service marketing du groupe FOURNIER, sur la commune d\u2019Epagny Metz-Tessy (74370)<\/li>\n<\/ul>\n\n\n\n<p class=\"has-contrast-dark-color has-text-color has-link-color wp-elements-eb0e5017dafac1d85235b78f95846bd2\">Qualit\u00e9<\/p>\n\n\n\n<ul class=\"wp-block-list\">\n<li class=\"has-contrast-dark-color has-text-color has-link-color wp-elements-9dc9149b4b900dc94c8481cd64126320\">Am\u00e9lioration de la d\u00e9marche \u00ab Qualit\u00e9 d\u2019Usage \u00bb, int\u00e9gration des logiques \u00ab QVT \u00bb et \u00ab RSE \u00bb, de la r\u00e9daction du programme jusqu\u2019\u00e0 la livraison de l\u2019op\u00e9ration<\/li>\n\n\n\n<li class=\"has-contrast-dark-color has-text-color has-link-color wp-elements-12412ad65972b08edf7b887839134573\">D\u00e9finition des nouveaux standards en mati\u00e8re d\u2019ergonomie des postes de travail en milieu tertiaire, sur l\u2019ensemble des sites du groupe FOURNIER et pilotage des divers appels d\u2019offres associ\u00e9s au projet (fournitures, ameublement, am\u00e9nagements int\u00e9rieurs, etc.)<\/li>\n<\/ul>\n\n\n\n<p class=\"has-contrast-dark-color has-text-color has-link-color wp-elements-e913c9ccc63f9816985347a836bd3647\">Signal\u00e9tique<\/p>\n\n\n\n<ul class=\"wp-block-list\">\n<li class=\"has-contrast-dark-color has-text-color has-link-color wp-elements-cdcdc3e4097969f01b6bbacecea1fef6\">D\u00e9finition des besoins, suivi de conception graphique et pilotage d\u2019une op\u00e9ration de d\u00e9ploiement multi supports de la \u00ab nouvelle identit\u00e9 du groupe FOURNIER \u00bb, sur l\u2019ensemble des sites industriels et tertiaires (campagne de flocage de 300 semi-remorques, signal\u00e9tique int\u00e9rieure des b\u00e2timents, signal\u00e9tique ext\u00e9rieure des sites, enseignes en fa\u00e7ades, flotte des v\u00e9hicules de service).<\/li>\n<\/ul>\n\n\n\n<hr class=\"wp-block-separator has-alpha-channel-opacity\"\/>\n\n\n\n<h3 class=\"wp-block-heading\">\ud83d\udd39 CEA Grenoble (38)<\/h3>\n\n\n\n<p class=\"has-contrast-dark-color has-text-color has-link-color wp-elements-bedaeeb6b075ee518db9fe5e1fe21d23\">Recherche<\/p>\n\n\n\n<ul class=\"wp-block-list\">\n<li class=\"has-contrast-dark-color has-text-color has-link-color wp-elements-f3b2061012feb91ec9f2371cc78ced5b\">Suivi de conception de la restructuration du b\u00e2timent C3 sur le site du CEA, sur une surface de 6240 m\u00b2 (Groupe EOLE)<\/li>\n\n\n\n<li class=\"has-contrast-dark-color has-text-color has-link-color wp-elements-a5756850b599c2f263a7dac225ea2264\">\u00c9criture des programmes fonctionnel et technique pour la cr\u00e9ation d\u2019une laverie industrielle de laboratoire (200 m\u00b2)<\/li>\n<\/ul>\n\n\n\n<p class=\"has-contrast-dark-color has-text-color has-link-color wp-elements-beeb51a2ccca2d5a7dbb9d98df8d8cdc\">Tertiaire<\/p>\n\n\n\n<ul class=\"wp-block-list\">\n<li class=\"has-contrast-dark-color has-text-color has-link-color wp-elements-f359c89fa6815a314e2fb68375c1342f\">Organisation et animation des r\u00e9unions de concertation avec les futurs utilisateurs d\u2019un b\u00e2timent tertiaire de 4500 m\u00b2, en amont de sa r\u00e9habilitation<\/li>\n\n\n\n<li class=\"has-contrast-dark-color has-text-color has-link-color wp-elements-27a4fd210eee33b352cf1e7acbb8db16\">Production des \u00e9tudes de faisabilit\u00e9 financi\u00e8re, technique, administrative et fonctionnelle, pour la restructuration des locaux tertiaires du Centre de Secours et de S\u00e9curit\u00e9 du CEA de Grenoble (1685m\u00b2)&nbsp;<\/li>\n<\/ul>\n\n\n\n<p class=\"has-contrast-dark-color has-text-color has-link-color wp-elements-7d2ce3e7d4daef8f3e4144e418503e52\">Mus\u00e9ographie<\/p>\n\n\n\n<ul class=\"wp-block-list\">\n<li class=\"has-contrast-dark-color has-text-color has-link-color wp-elements-b8a01890d28f77b6abb4e67f4cb66903\">Conduite d\u2019une op\u00e9ration d\u2019am\u00e9nagement d\u2019un Showroom de la phase APD jusqu\u2019au pilotage des travaux en phase EXE, puis op\u00e9rations de r\u00e9ception (650 m\u00b2)<\/li>\n<\/ul>\n\n\n\n<p class=\"has-contrast-dark-color has-text-color has-link-color wp-elements-e913c9ccc63f9816985347a836bd3647\">Signal\u00e9tique<\/p>\n\n\n\n<ul class=\"wp-block-list\">\n<li class=\"has-contrast-dark-color has-text-color has-link-color wp-elements-a55492e8eecd5900c040b458743f2605\">Ecriture d\u2019un cahier des charges, consultation-s\u00e9lection d\u2019entreprises et conduite de travaux pour le march\u00e9 de signal\u00e9tique ext\u00e9rieure et int\u00e9rieure multisensorielle d\u2019une plateforme hydrog\u00e8ne (7000 m\u00b2)<\/li>\n<\/ul>\n\n\n\n<p class=\"has-contrast-dark-color has-text-color has-link-color wp-elements-8d5e9dc37397095fad679d485858b5d9\">Accessibilit\u00e9<\/p>\n\n\n\n<ul class=\"wp-block-list\">\n<li class=\"has-contrast-dark-color has-text-color has-link-color wp-elements-b99181ae3090c17fff7045c0de80c677\">Pilotage des diagnostics et travaux de mise en accessibilit\u00e9 pour les b\u00e2timents neufs et \u00e0 r\u00e9habiliter sur l\u2019ensemble du site du CEA Grenoble<\/li>\n<\/ul>\n<\/div>\n<\/div>\n\n\n\n<div class=\"wp-block-group alignfull is-layout-flow wp-block-group-is-layout-flow\">\n<div class=\"wp-block-group alignfull has-global-padding is-layout-constrained wp-container-core-group-is-layout-7dc229c6 wp-block-group-is-layout-constrained\" style=\"padding-top:var(--wp--preset--spacing--superbspacing-xxlarge);padding-right:var(--wp--preset--spacing--superbspacing-small);padding-bottom:var(--wp--preset--spacing--superbspacing-xxlarge);padding-left:var(--wp--preset--spacing--superbspacing-small)\"><\/div>\n<\/div>\n\n\n\n<div class=\"wp-block-group alignfull is-layout-flow wp-block-group-is-layout-flow\"><\/div>\n\n\n\n<p><\/p>\n","protected":false},"excerpt":{"rendered":"<p>\u00c9quipement sportif Un nouveau p\u00f4le sportif au c\u0153ur de Saint-Julien-en-Genevois La ville de Saint-Julien-en-Genevois s\u2019engage dans un projet ambitieux avec la cr\u00e9ation des Espaces Sportifs du L\u00e9man, une infrastructure moderne pens\u00e9e pour rassembler et dynamiser les pratiques sportives locales. Ce nouvel \u00e9quipement remplace des installations devenues obsol\u00e8tes et apporte une r\u00e9ponse contemporaine aux besoins des [&hellip;]<\/p>\n","protected":false},"author":1,"featured_media":0,"parent":0,"menu_order":0,"comment_status":"closed","ping_status":"closed","template":"","meta":{"footnotes":""},"class_list":["post-52","page","type-page","status-publish","hentry"],"_links":{"self":[{"href":"https:\/\/ncharpentier.fr\/index.php?rest_route=\/wp\/v2\/pages\/52","targetHints":{"allow":["GET"]}}],"collection":[{"href":"https:\/\/ncharpentier.fr\/index.php?rest_route=\/wp\/v2\/pages"}],"about":[{"href":"https:\/\/ncharpentier.fr\/index.php?rest_route=\/wp\/v2\/types\/page"}],"author":[{"embeddable":true,"href":"https:\/\/ncharpentier.fr\/index.php?rest_route=\/wp\/v2\/users\/1"}],"replies":[{"embeddable":true,"href":"https:\/\/ncharpentier.fr\/index.php?rest_route=%2Fwp%2Fv2%2Fcomments&post=52"}],"version-history":[{"count":11,"href":"https:\/\/ncharpentier.fr\/index.php?rest_route=\/wp\/v2\/pages\/52\/revisions"}],"predecessor-version":[{"id":108,"href":"https:\/\/ncharpentier.fr\/index.php?rest_route=\/wp\/v2\/pages\/52\/revisions\/108"}],"wp:attachment":[{"href":"https:\/\/ncharpentier.fr\/index.php?rest_route=%2Fwp%2Fv2%2Fmedia&parent=52"}],"curies":[{"name":"wp","href":"https:\/\/api.w.org\/{rel}","templated":true}]}}